{"id":211,"date":"2025-03-10T10:52:59","date_gmt":"2025-03-10T13:52:59","guid":{"rendered":"https:\/\/daniquiropraxia.com.br\/site\/?post_type=product&#038;p=211"},"modified":"2025-03-10T10:53:54","modified_gmt":"2025-03-10T13:53:54","slug":"ebook-moms-copia","status":"publish","type":"product","link":"https:\/\/daniquiropraxia.com.br\/site\/produto\/ebook-moms-copia\/","title":{"rendered":"Ebook Mom\u00b4s (c\u00f3pia)"},"content":{"rendered":"<p style=\"text-align: justify;\"><span style=\"font-weight: 400;\">Livro ilustrado de movimentos para mam\u00e3es, gestantes ou lactantes, trazendo solu\u00e7\u00f5es adaptadas ao n\u00edvel f\u00edsico de cada mam\u00e3e e a possibilidade de executar em casa no seu tempo e at\u00e9 direcionar para as queixas que tiver no momento, facilitando que o corpo sinta conforto e movimento em todas as fases do maternar. Acompanha indica\u00e7\u00f5es para cuidados ergon\u00f4micos e tamb\u00e9m tabela para facilitar a const\u00e2ncia dos cuidados.<\/span><\/p>\n<p style=\"text-align: justify;\"><span style=\"font-weight: 400;\">Ao adquirir voc\u00ea ganha acesso para aulas explicativas em v\u00eddeo (\u00e1 partir de outubro\/2024).<\/span><\/p>\n<p>&nbsp;<\/p>\n<p>&nbsp;<\/p>\n","protected":false},"excerpt":{"rendered":"<p>Livro ilustrado de movimentos para mam\u00e3es, gestantes ou lactantes, trazendo solu\u00e7\u00f5es adaptadas ao n\u00edvel f\u00edsico de cada mam\u00e3e e a<\/p>\n","protected":false},"featured_media":143,"comment_status":"open","ping_status":"closed","template":"","meta":[],"product_brand":[],"product_cat":[16],"product_tag":[],"class_list":{"0":"post-211","1":"product","2":"type-product","3":"status-publish","4":"has-post-thumbnail","6":"product_cat-infoproduto","8":"first","9":"instock","10":"sale","11":"downloadable","12":"virtual","13":"purchasable","14":"product-type-simple"},"_links":{"self":[{"href":"https:\/\/daniquiropraxia.com.br\/site\/wp-json\/wp\/v2\/product\/211","targetHints":{"allow":["GET"]}}],"collection":[{"href":"https:\/\/daniquiropraxia.com.br\/site\/wp-json\/wp\/v2\/product"}],"about":[{"href":"https:\/\/daniquiropraxia.com.br\/site\/wp-json\/wp\/v2\/types\/product"}],"replies":[{"embeddable":true,"href":"https:\/\/daniquiropraxia.com.br\/site\/wp-json\/wp\/v2\/comments?post=211"}],"wp:featuredmedia":[{"embeddable":true,"href":"https:\/\/daniquiropraxia.com.br\/site\/wp-json\/wp\/v2\/media\/143"}],"wp:attachment":[{"href":"https:\/\/daniquiropraxia.com.br\/site\/wp-json\/wp\/v2\/media?parent=211"}],"wp:term":[{"taxonomy":"product_brand","embeddable":true,"href":"https:\/\/daniquiropraxia.com.br\/site\/wp-json\/wp\/v2\/product_brand?post=211"},{"taxonomy":"product_cat","embeddable":true,"href":"https:\/\/daniquiropraxia.com.br\/site\/wp-json\/wp\/v2\/product_cat?post=211"},{"taxonomy":"product_tag","embeddable":true,"href":"https:\/\/daniquiropraxia.com.br\/site\/wp-json\/wp\/v2\/product_tag?post=211"}],"curies":[{"name":"wp","href":"https:\/\/api.w.org\/{rel}","templated":true}]}}